{"id":240,"date":"2025-07-22T23:26:22","date_gmt":"2025-07-22T23:26:22","guid":{"rendered":"https:\/\/cybershieldcs.org\/?page_id=240"},"modified":"2025-10-06T17:33:31","modified_gmt":"2025-10-06T17:33:31","slug":"about","status":"publish","type":"page","link":"https:\/\/cybershieldcs.org\/fr\/about\/","title":{"rendered":"\u00c0 propos"},"content":{"rendered":"<div data-elementor-type=\"wp-page\" data-elementor-id=\"240\" class=\"elementor elementor-240\" data-elementor-post-type=\"page\">\n\t\t\t\t<div class=\"elementor-element elementor-element-cdb7c87 hero-inner e-flex e-con-boxed e-con e-parent\" data-id=\"cdb7c87\" data-element_type=\"container\" data-settings=\"{&quot;background_background&quot;:&quot;classic&quot;}\">\n\t\t\t\t\t<div class=\"e-con-inner\">\n\t\t\t\t\t<\/div>\n\t\t\t\t<\/div>\n\t\t<div class=\"elementor-element elementor-element-a8db440 abt-us e-flex e-con-boxed e-con e-parent\" data-id=\"a8db440\" data-element_type=\"container\" data-settings=\"{&quot;background_background&quot;:&quot;classic&quot;}\">\n\t\t\t\t\t<div class=\"e-con-inner\">\n\t\t<div class=\"elementor-element elementor-element-a3bdc6e e-con-full e-flex e-con e-child\" data-id=\"a3bdc6e\" data-element_type=\"container\">\n\t\t\t\t<div class=\"elementor-element elementor-element-cb7c2c1 elementor-widget elementor-widget-heading\" data-id=\"cb7c2c1\" data-element_type=\"widget\" data-widget_type=\"heading.default\">\n\t\t\t\t\t<h2 class=\"elementor-heading-title elementor-size-default\">CyberShield Conseil<\/h2>\t\t\t\t<\/div>\n\t\t\t\t<div class=\"elementor-element elementor-element-d52df6f elementor-widget elementor-widget-text-editor\" data-id=\"d52df6f\" data-element_type=\"widget\" data-widget_type=\"text-editor.default\">\n\t\t\t\t\t\t\t\t\t<p data-renderer-start-pos=\"919\">CyberShield Consulting Services LLC est un partenaire de confiance en cybers\u00e9curit\u00e9, d\u00e9di\u00e9 \u00e0 aider les organisations \u00e0 s\u00e9curiser leur avenir num\u00e9rique. Nous nous sp\u00e9cialisons dans la fourniture de solutions de s\u00e9curit\u00e9 sur mesure, bas\u00e9es sur l'intelligence, con\u00e7ues pour prot\u00e9ger les entreprises contre l'\u00e9volution du paysage des menaces d'aujourd'hui.<\/p><p data-renderer-start-pos=\"1204\">With expertise spanning risk management, incident response, cloud security, compliance, and digital resilience, we work closely with our clients to design strategies that align with their business goals while safeguarding critical assets.<\/p><p data-renderer-start-pos=\"1446\">At CyberShield Consulting, we go beyond technology\u2014we deliver strategic guidance, proactive defense, and actionable intelligence that empower organizations to stay ahead of cyber threats.<\/p>\t\t\t\t\t\t\t\t<\/div>\n\t\t\t\t<\/div>\n\t\t<div class=\"elementor-element elementor-element-5bb4565 e-con-full abt-img-box e-flex e-con e-child\" data-id=\"5bb4565\" data-element_type=\"container\">\n\t\t\t\t<div class=\"elementor-element elementor-element-883c607 elementor-widget elementor-widget-image\" data-id=\"883c607\" data-element_type=\"widget\" data-widget_type=\"image.default\">\n\t\t\t\t\t\t\t\t\t\t\t\t\t\t\t<img fetchpriority=\"high\" decoding=\"async\" width=\"503\" height=\"490\" src=\"https:\/\/cybershieldcs.org\/wp-content\/uploads\/2025\/07\/img01.jpg\" class=\"attachment-full size-full wp-image-84\" alt=\"\" srcset=\"https:\/\/cybershieldcs.org\/wp-content\/uploads\/2025\/07\/img01.jpg 503w, https:\/\/cybershieldcs.org\/wp-content\/uploads\/2025\/07\/img01-300x292.jpg 300w\" sizes=\"(max-width: 503px) 100vw, 503px\" \/>\t\t\t\t\t\t\t\t\t\t\t\t\t\t\t<\/div>\n\t\t\t\t<\/div>\n\t\t<div class=\"elementor-element elementor-element-62010ef e-con-full vision-mission-box e-grid e-con e-child\" data-id=\"62010ef\" data-element_type=\"container\" data-settings=\"{&quot;background_background&quot;:&quot;classic&quot;}\">\n\t\t\t\t<div class=\"elementor-element elementor-element-6662995 elementor-position-left elementor-view-default elementor-mobile-position-top elementor-widget elementor-widget-icon-box\" data-id=\"6662995\" data-element_type=\"widget\" data-widget_type=\"icon-box.default\">\n\t\t\t\t\t\t\t<div class=\"elementor-icon-box-wrapper\">\n\n\t\t\t\t\t\t<div class=\"elementor-icon-box-icon\">\n\t\t\t\t<span  class=\"elementor-icon\">\n\t\t\t\t<svg xmlns=\"http:\/\/www.w3.org\/2000\/svg\" width=\"81\" height=\"81\" viewbox=\"0 0 81 81\" fill=\"none\"><circle cx=\"40.5\" cy=\"40.5\" r=\"40.5\" fill=\"#1882FF\"><\/circle><g clip-path=\"url(#clip0_130_417)\"><path d=\"M40.5309 56.1028C36.7417 56.0502 33.1244 55.1826 29.6456 53.7127C23.2327 51.0046 17.7059 46.9916 12.7511 42.148C11.761 41.18 11.7419 39.826 12.7403 38.8568C18.389 33.3798 24.6849 28.8935 32.2013 26.3265C38.1867 24.2829 44.1267 24.5171 50.0214 26.7495C55.9268 28.9867 61.0715 32.4428 65.803 36.5634C66.6425 37.2948 67.4617 38.0549 68.2452 38.846C69.2435 39.8534 69.2543 41.1632 68.2535 42.1372C62.9524 47.2963 57.047 51.5532 50.0859 54.2122C47.0108 55.3869 43.8306 56.0383 40.5297 56.1016L40.5309 56.1028ZM51.6288 40.3912C51.5572 34.2486 46.4925 29.2855 40.3769 29.3631C34.1885 29.442 29.3125 34.4888 29.371 40.7557C29.4271 46.7992 34.5814 51.7181 40.771 51.6356C46.7468 51.5556 51.6993 46.4263 51.6288 40.39V40.3912ZM54.6693 47.0298C54.9583 46.8673 55.0968 46.7944 55.2306 46.7131C58.0262 45.0102 60.6189 43.0359 63.0897 40.892C63.4874 40.5466 63.4098 40.3841 63.0682 40.0865C61.2494 38.503 59.3578 37.0128 57.3611 35.6623C56.5311 35.1007 55.7166 34.5067 54.6741 34C55.5972 36.1523 56.0773 38.2724 56.0832 40.4844C56.088 42.7025 55.5948 44.8225 54.6705 47.0298H54.6693ZM26.229 46.9199C24.4568 42.6212 24.4735 38.3512 26.2911 34.0633C26.1681 34.0801 26.1239 34.0753 26.0929 34.0932C23.136 35.8739 20.3893 37.9401 17.7942 40.2144C17.5088 40.4653 17.5793 40.6051 17.8277 40.8095C18.7986 41.603 19.742 42.4288 20.7248 43.2056C22.4565 44.5752 24.2753 45.8216 26.2278 46.9199H26.229Z\" fill=\"white\"><\/path><path d=\"M59.5996 61.6145C58.7803 61.6157 58.2393 61.4042 57.7951 60.9608C56.7549 59.9211 55.7076 58.8886 54.6806 57.8345C53.7766 56.9071 53.7813 55.5591 54.6615 54.6771C55.5464 53.7904 56.8887 53.7796 57.8166 54.6831C58.8842 55.7228 59.9423 56.7745 60.9777 57.8465C61.65 58.5432 61.7945 59.3953 61.4195 60.2772C61.0529 61.1389 60.3531 61.581 59.5996 61.6145Z\" fill=\"white\"><\/path><path d=\"M26.9933 24.8602C26.9682 25.6597 26.5443 26.3217 25.7668 26.734C24.999 27.1404 24.1797 27.1248 23.5229 26.5703C22.1878 25.4422 20.9553 24.1957 19.8149 22.8728C19.1162 22.0625 19.2811 20.8065 20.0394 20.0417C20.8144 19.2589 22.0863 19.1011 22.9162 19.8206C24.206 20.9391 25.3907 22.1748 26.5431 23.4356C26.8751 23.7989 26.9849 24.2722 26.9945 24.8614L26.9933 24.8602Z\" fill=\"white\"><\/path><path d=\"M61.5978 21.6597C61.5942 22.2226 61.4067 22.7185 61.0138 23.1177C59.9534 24.1932 58.8989 25.2748 57.8109 26.3217C56.8735 27.2239 55.5133 27.1988 54.657 26.3145C53.7769 25.4062 53.7745 24.1012 54.6893 23.1595C55.727 22.0899 56.7803 21.0347 57.8527 19.9997C58.5502 19.3269 59.3933 19.1991 60.2818 19.5731C61.1356 19.9328 61.6181 20.7323 61.599 21.6597H61.5978Z\" fill=\"white\"><\/path><path d=\"M26.9843 56.4793C26.9843 56.9 26.7371 57.4282 26.2988 57.8692C25.261 58.9113 24.2328 59.9629 23.1747 60.9847C22.2862 61.8428 20.8973 61.8249 20.0566 60.9835C19.1944 60.1219 19.1526 58.7679 20.0148 57.8668C21.0586 56.7757 22.1298 55.7097 23.2153 54.6604C23.9068 53.9924 24.7427 53.8275 25.6384 54.1991C26.4863 54.5505 26.9986 55.3727 26.9843 56.4805V56.4793Z\" fill=\"white\"><\/path><path d=\"M38.2804 16.4803C38.2804 15.7454 38.2732 15.0092 38.2816 14.2743C38.2983 12.9537 39.2608 11.9857 40.5315 12C41.7663 12.0144 42.7085 12.9872 42.7169 14.2778C42.7264 15.7286 42.7288 17.1795 42.7169 18.6303C42.7049 19.946 41.7269 20.9248 40.467 20.9093C39.2346 20.8949 38.3007 19.9257 38.2828 18.6267C38.272 17.912 38.2804 17.1962 38.2816 16.4803H38.2804Z\" fill=\"white\"><\/path><path d=\"M42.7189 64.5543C42.7189 65.2893 42.7308 66.0242 42.7165 66.7592C42.6914 68.0403 41.7277 69.0024 40.4893 69C39.252 68.9976 38.2955 68.0344 38.2835 66.7437C38.2692 65.2737 38.2728 63.8038 38.2871 62.3339C38.3003 61.0456 39.2544 60.0979 40.5084 60.0979C41.7492 60.0979 42.695 61.0587 42.7129 62.3494C42.7224 63.0844 42.7141 63.8193 42.7141 64.5543H42.7177H42.7189Z\" fill=\"white\"><\/path><path d=\"M47.1636 40.4557C47.1911 44.1007 44.2426 47.1385 40.648 47.1684C36.8504 47.1995 33.8541 44.2752 33.8302 40.5131C33.8075 36.8586 36.7931 33.8374 40.4414 33.8255C44.1626 33.8123 47.1362 36.745 47.1636 40.4557ZM40.5226 38.2891C39.2675 38.2831 38.2918 39.2523 38.2906 40.5083C38.2894 41.7249 39.2639 42.7096 40.476 42.7168C41.7085 42.724 42.714 41.7249 42.714 40.4916C42.714 39.2774 41.7359 38.295 40.5226 38.2891Z\" fill=\"white\"><\/path><\/g><defs><clippath id=\"clip0_130_417\"><rect width=\"57\" height=\"57\" fill=\"white\" transform=\"translate(12 12)\"><\/rect><\/clippath><\/defs><\/svg>\t\t\t\t<\/span>\n\t\t\t<\/div>\n\t\t\t\n\t\t\t\t\t\t<div class=\"elementor-icon-box-content\">\n\n\t\t\t\t\t\t\t\t\t<h3 class=\"elementor-icon-box-title\">\n\t\t\t\t\t\t<span  >\n\t\t\t\t\t\t\tNotre vision\t\t\t\t\t\t<\/span>\n\t\t\t\t\t<\/h3>\n\t\t\t\t\n\t\t\t\t\t\t\t\t\t<p class=\"elementor-icon-box-description\">\n\t\t\t\t\t\t\u00catre le partenaire de confiance qui permet aux organisations du monde entier de s\u00e9curiser leur avenir num\u00e9rique, en offrant des solutions de cybers\u00e9curit\u00e9 innovantes et bas\u00e9es sur l'intelligence, qui prot\u00e8gent ce qui compte le plus.\t\t\t\t\t<\/p>\n\t\t\t\t\n\t\t\t<\/div>\n\t\t\t\n\t\t<\/div>\n\t\t\t\t\t\t<\/div>\n\t\t\t\t<div class=\"elementor-element elementor-element-ebe7bc2 elementor-position-left elementor-view-default elementor-mobile-position-top elementor-widget elementor-widget-icon-box\" data-id=\"ebe7bc2\" data-element_type=\"widget\" data-widget_type=\"icon-box.default\">\n\t\t\t\t\t\t\t<div class=\"elementor-icon-box-wrapper\">\n\n\t\t\t\t\t\t<div class=\"elementor-icon-box-icon\">\n\t\t\t\t<span  class=\"elementor-icon\">\n\t\t\t\t<svg xmlns=\"http:\/\/www.w3.org\/2000\/svg\" width=\"81\" height=\"81\" viewbox=\"0 0 81 81\" fill=\"none\"><circle cx=\"40.5\" cy=\"40.5\" r=\"40.5\" fill=\"#1882FF\"><\/circle><path d=\"M60.6101 54.1812L46.3184 39.8895C46.2268 39.7918 46.1161 39.714 45.9932 39.6608C45.8703 39.6076 45.7378 39.5802 45.6038 39.5802C45.4699 39.5802 45.3374 39.6076 45.2145 39.6608C45.0916 39.714 44.9809 39.7918 44.8893 39.8895L41.5205 43.2378L32.333 34.0503V29.3749H38.458V31.4166C38.458 31.6873 38.5656 31.947 38.757 32.1384C38.9484 32.3299 39.2081 32.4374 39.4788 32.4374H51.7288C51.9171 32.4353 52.1014 32.3831 52.2629 32.2862C52.4243 32.1893 52.5571 32.0513 52.6476 31.8862C52.7279 31.7164 52.7608 31.5282 52.7428 31.3413C52.7248 31.1544 52.6567 30.9758 52.5455 30.8245L48.9113 25.802L52.5455 20.7795C52.6735 20.6382 52.7602 20.4645 52.7962 20.2772C52.8322 20.09 52.8161 19.8965 52.7497 19.7178C52.6513 19.5368 52.5025 19.3883 52.3212 19.2904C52.14 19.1926 51.9341 19.1495 51.7288 19.1666H44.583V16.1041C44.583 15.8333 44.4755 15.5737 44.284 15.3822C44.0926 15.1908 43.8329 15.0833 43.5622 15.0833H31.3122C31.0414 15.0833 30.7818 15.1908 30.5903 15.3822C30.3989 15.5737 30.2913 15.8333 30.2913 16.1041V34.0503L20.9813 43.3603C20.4106 43.9366 20.0881 44.7134 20.083 45.5245V52.8541C20.083 53.6663 20.4057 54.4453 20.98 55.0196C21.5543 55.5939 22.3333 55.9166 23.1455 55.9166H59.8955C60.097 55.9156 60.2938 55.8549 60.4609 55.7423C60.628 55.6297 60.7581 55.4701 60.8347 55.2837C60.9181 55.0997 60.9413 54.894 60.9009 54.696C60.8606 54.4981 60.7588 54.3179 60.6101 54.1812ZM49.728 21.2083L46.8288 25.2916C46.6997 25.4619 46.6298 25.6699 46.6298 25.8837C46.6298 26.0975 46.6997 26.3054 46.8288 26.4758L49.728 30.5591H40.4997V29.3749H43.5622C43.8329 29.3749 44.0926 29.2674 44.284 29.0759C44.4755 28.8845 44.583 28.6248 44.583 28.3541V21.2083H49.728ZM42.5413 27.3333H32.333V17.1249H42.5413V27.3333ZM23.1455 53.8749C22.8748 53.8749 22.6151 53.7674 22.4237 53.5759C22.2322 53.3845 22.1247 53.1248 22.1247 52.8541V45.5245C22.123 45.3906 22.1494 45.2579 22.2022 45.1348C22.2549 45.0117 22.3328 44.9011 22.4309 44.8099L31.3122 35.9287L40.8059 45.402L49.2584 53.8749H23.1455ZM52.1576 53.8749L42.9701 44.6874L45.6038 42.0537L57.4251 53.8749H52.1576Z\" fill=\"white\"><\/path><\/svg>\t\t\t\t<\/span>\n\t\t\t<\/div>\n\t\t\t\n\t\t\t\t\t\t<div class=\"elementor-icon-box-content\">\n\n\t\t\t\t\t\t\t\t\t<h3 class=\"elementor-icon-box-title\">\n\t\t\t\t\t\t<span  >\n\t\t\t\t\t\t\tNotre mission\t\t\t\t\t\t<\/span>\n\t\t\t\t\t<\/h3>\n\t\t\t\t\n\t\t\t\t\t\t\t\t\t<p class=\"elementor-icon-box-description\">\n\t\t\t\t\t\tAt CyberShield Consulting, our mission is to deliver tailored cybersecurity solutions that combine deep risk intelligence, innovative strategies, and hands-on expertise. We are committed to helping organizations detect, defend, and recover from threats while ensuring compliance, resilience, and long-term digital trust.\n\n\t\t\t\t\t<\/p>\n\t\t\t\t\n\t\t\t<\/div>\n\t\t\t\n\t\t<\/div>\n\t\t\t\t\t\t<\/div>\n\t\t\t\t<\/div>\n\t\t\t\t\t<\/div>\n\t\t\t\t<\/div>\n\t\t<div class=\"elementor-element elementor-element-e9b660c srv-sec e-flex e-con-boxed e-con e-parent\" data-id=\"e9b660c\" data-element_type=\"container\" data-settings=\"{&quot;background_background&quot;:&quot;classic&quot;}\">\n\t\t\t\t\t<div class=\"e-con-inner\">\n\t\t\t\t<div class=\"elementor-element elementor-element-8c08a36 elementor-widget elementor-widget-heading\" data-id=\"8c08a36\" data-element_type=\"widget\" data-widget_type=\"heading.default\">\n\t\t\t\t\t<h5 class=\"elementor-heading-title elementor-size-default\">Ce que nos clients disent de nous\n\n<\/h5>\t\t\t\t<\/div>\n\t\t\t\t<div class=\"elementor-element elementor-element-92d526d elementor-widget elementor-widget-heading\" data-id=\"92d526d\" data-element_type=\"widget\" data-widget_type=\"heading.default\">\n\t\t\t\t\t<h2 class=\"elementor-heading-title elementor-size-default\">Ce que nos clients disent de nous<\/h2>\t\t\t\t<\/div>\n\t\t\t\t<div class=\"elementor-element elementor-element-683abe5 elementor-widget__width-initial elementor-widget elementor-widget-text-editor\" data-id=\"683abe5\" data-element_type=\"widget\" data-widget_type=\"text-editor.default\">\n\t\t\t\t\t\t\t\t\t<p data-renderer-start-pos=\"7692\">Chez CyberShield Consulting, le succ\u00e8s et la satisfaction de nos clients sont nos plus grandes r\u00e9alisations. Voici ce qu'en disent certains d'entre eux :<\/p>\t\t\t\t\t\t\t\t<\/div>\n\t\t\t\t<div class=\"elementor-element elementor-element-f84abf6 elementor-testimonial--align-left elementor-testimonial--skin-default elementor-testimonial--layout-image_inline elementor-widget elementor-widget-testimonial-carousel\" data-id=\"f84abf6\" data-element_type=\"widget\" data-settings=\"{&quot;slides_per_view&quot;:&quot;2&quot;,&quot;slides_to_scroll&quot;:&quot;1&quot;,&quot;speed&quot;:500,&quot;loop&quot;:&quot;yes&quot;,&quot;space_between&quot;:{&quot;unit&quot;:&quot;px&quot;,&quot;size&quot;:10,&quot;sizes&quot;:[]},&quot;space_between_tablet&quot;:{&quot;unit&quot;:&quot;px&quot;,&quot;size&quot;:10,&quot;sizes&quot;:[]},&quot;space_between_mobile&quot;:{&quot;unit&quot;:&quot;px&quot;,&quot;size&quot;:10,&quot;sizes&quot;:[]}}\" data-widget_type=\"testimonial-carousel.default\">\n\t\t\t\t\t\t\t\t\t\t<div class=\"elementor-main-swiper swiper\" role=\"region\" aria-roledescription=\"carousel\" aria-label=\"Diapositives\">\n\t\t\t\t<div class=\"swiper-wrapper\">\n\t\t\t\t\t\t\t\t\t\t\t<div class=\"swiper-slide\" role=\"group\" aria-roledescription=\"slide\">\n\t\t\t\t\t\t\t\t\t<div class=\"elementor-testimonial\">\n\t\t\t\t\t\t\t<div class=\"elementor-testimonial__content\">\n\t\t\t\t\t<div class=\"elementor-testimonial__text\">\n\t\t\t\t\t\tCyberShield a transform\u00e9 notre posture de s\u00e9curit\u00e9. Leur \u00e9quipe est proactive, comp\u00e9tente et comprend r\u00e9ellement nos besoins commerciaux.\t\t\t\t\t<\/div>\n\t\t\t\t\t\t\t\t\t<\/div>\n\t\t\t\t\t\t<div class=\"elementor-testimonial__footer\">\n\t\t\t\t\t\t\t\t\t<div class=\"elementor-testimonial__image\">\n\t\t\t\t\t\t<img decoding=\"async\" src=\"https:\/\/cybershieldcs.org\/wp-content\/uploads\/2025\/07\/jane-smith.jpg\" alt=\"IT Director\">\n\t\t\t\t\t\t\t\t\t\t\t<\/div>\n\t\t\t\t\t\t\t\t<cite class=\"elementor-testimonial__cite\"><span class=\"elementor-testimonial__name\">Directeur informatique<\/span><span class=\"elementor-testimonial__title\">Services financiers<\/span><\/cite>\t\t\t<\/div>\n\t\t<\/div>\n\t\t\t\t\t\t\t\t<\/div>\n\t\t\t\t\t\t\t\t\t\t\t<div class=\"swiper-slide\" role=\"group\" aria-roledescription=\"slide\">\n\t\t\t\t\t\t\t\t\t<div class=\"elementor-testimonial\">\n\t\t\t\t\t\t\t<div class=\"elementor-testimonial__content\">\n\t\t\t\t\t<div class=\"elementor-testimonial__text\">\n\t\t\t\t\t\tGr\u00e2ce \u00e0 CyberShield, nous avons maintenant une strat\u00e9gie de cybers\u00e9curit\u00e9 claire et exploitable. Leurs conseils sont inestimables.\t\t\t\t\t<\/div>\n\t\t\t\t\t\t\t\t\t<\/div>\n\t\t\t\t\t\t<div class=\"elementor-testimonial__footer\">\n\t\t\t\t\t\t\t\t\t<div class=\"elementor-testimonial__image\">\n\t\t\t\t\t\t<img decoding=\"async\" src=\"https:\/\/cybershieldcs.org\/wp-content\/uploads\/2025\/07\/jane-smith-ka-bhai.jpg\" alt=\"Healthcare Organization\">\n\t\t\t\t\t\t\t\t\t\t\t<\/div>\n\t\t\t\t\t\t\t\t<cite class=\"elementor-testimonial__cite\"><span class=\"elementor-testimonial__name\">Organisation de soins de sant\u00e9<\/span><span class=\"elementor-testimonial__title\">PDG<\/span><\/cite>\t\t\t<\/div>\n\t\t<\/div>\n\t\t\t\t\t\t\t\t<\/div>\n\t\t\t\t\t\t\t\t\t\t\t<div class=\"swiper-slide\" role=\"group\" aria-roledescription=\"slide\">\n\t\t\t\t\t\t\t\t\t<div class=\"elementor-testimonial\">\n\t\t\t\t\t\t\t<div class=\"elementor-testimonial__content\">\n\t\t\t\t\t<div class=\"elementor-testimonial__text\">\n\t\t\t\t\t\tProfessionnel, r\u00e9actif et efficace. CyberShield Consulting nous a aid\u00e9s \u00e0 d\u00e9tecter et \u00e0 att\u00e9nuer les menaces avant qu'elles ne deviennent des probl\u00e8mes majeurs.\t\t\t\t\t<\/div>\n\t\t\t\t\t\t\t\t\t<\/div>\n\t\t\t\t\t\t<div class=\"elementor-testimonial__footer\">\n\t\t\t\t\t\t\t\t\t<div class=\"elementor-testimonial__image\">\n\t\t\t\t\t\t<img decoding=\"async\" src=\"https:\/\/cybershieldcs.org\/wp-content\/uploads\/2025\/10\/Rectangle-508.png\" alt=\"CISO\">\n\t\t\t\t\t\t\t\t\t\t\t<\/div>\n\t\t\t\t\t\t\t\t<cite class=\"elementor-testimonial__cite\"><span class=\"elementor-testimonial__name\">RSSI<\/span><span class=\"elementor-testimonial__title\">Entreprise technologique<\/span><\/cite>\t\t\t<\/div>\n\t\t<\/div>\n\t\t\t\t\t\t\t\t<\/div>\n\t\t\t\t\t\t\t\t\t<\/div>\n\t\t\t\t\t\t\t\t\t\t\t\t\t\t\t\t\t\t\t\t\t<\/div>\n\t\t\t\t\t\t\t\t<\/div>\n\t\t\t\t\t<\/div>\n\t\t\t\t<\/div>\n\t\t\t\t<\/div>","protected":false},"excerpt":{"rendered":"<p>CyberShield Consulting CyberShield Consulting Services LLC is a trusted cybersecurity partner dedicated to helping organizations secure their digital future. We specialize in providing tailored, intelligence-driven security solutions designed to protect businesses from today\u2019s evolving threat landscape. With expertise spanning risk management, incident response, cloud security, compliance, and digital resilience, we work closely with our clients [&hellip;]<\/p>\n","protected":false},"author":1,"featured_media":0,"parent":0,"menu_order":0,"comment_status":"closed","ping_status":"closed","template":"elementor_header_footer","meta":{"footnotes":""},"class_list":["post-240","page","type-page","status-publish","hentry"],"_links":{"self":[{"href":"https:\/\/cybershieldcs.org\/fr\/wp-json\/wp\/v2\/pages\/240","targetHints":{"allow":["GET"]}}],"collection":[{"href":"https:\/\/cybershieldcs.org\/fr\/wp-json\/wp\/v2\/pages"}],"about":[{"href":"https:\/\/cybershieldcs.org\/fr\/wp-json\/wp\/v2\/types\/page"}],"author":[{"embeddable":true,"href":"https:\/\/cybershieldcs.org\/fr\/wp-json\/wp\/v2\/users\/1"}],"replies":[{"embeddable":true,"href":"https:\/\/cybershieldcs.org\/fr\/wp-json\/wp\/v2\/comments?post=240"}],"version-history":[{"count":25,"href":"https:\/\/cybershieldcs.org\/fr\/wp-json\/wp\/v2\/pages\/240\/revisions"}],"predecessor-version":[{"id":352,"href":"https:\/\/cybershieldcs.org\/fr\/wp-json\/wp\/v2\/pages\/240\/revisions\/352"}],"wp:attachment":[{"href":"https:\/\/cybershieldcs.org\/fr\/wp-json\/wp\/v2\/media?parent=240"}],"curies":[{"name":"wp","href":"https:\/\/api.w.org\/{rel}","templated":true}]}}